{"id":962,"date":"2016-10-20T20:43:51","date_gmt":"2016-10-20T18:43:51","guid":{"rendered":"http:\/\/testing.manuelalinguardo.com\/fr\/chi-siamo\/"},"modified":"2016-12-30T12:57:34","modified_gmt":"2016-12-30T11:57:34","slug":"qui-sommes-nous","status":"publish","type":"page","link":"https:\/\/testing.manuelalinguardo.com\/fr\/qui-sommes-nous\/","title":{"rendered":"Qui sommes nous"},"content":{"rendered":"<p><strong>S\u00e9rieux et confidentialit\u00e9, professionnalisme et comp\u00e9tences<\/strong>\u00a0sont les fondements de Manuela Linguardo &#8211; Solutions de Prestige, agence qui op\u00e8re depuis plusieurs ann\u00e9es dans le secteur de l\u2019immobilier, sp\u00e9cialis\u00e9e dans les biens immobiliers de prestige aussi bien commerciaux que r\u00e9sidentiels.<\/p>\n<p>L\u2019agence, connue pour l\u2019excellence de ses services, a des <strong>agents immobiliers extr\u00eamement qualifi\u00e9s<\/strong>, capables de fournir des analyses et des consultations personnalis\u00e9es avec un objectif clair\u00a0: fournir un <strong>service pr\u00e9cis de m\u00e9diation immobili\u00e8re<\/strong> pour une vente transparente et s\u00fbre afin d&rsquo;obtenir un r\u00e9sultat optimal dans un temps r\u00e9duit.<\/p>\n<p><strong>Manuela Linguardo<\/strong>, Consulente Immobili\u00e8re \u00e0 Milan, poss\u00e8de une <strong>grande connaissance<\/strong> du secteur immobilier, valid\u00e9e et renforc\u00e9e depuis plusieurs ann\u00e9es par des exp\u00e9riences pratiques sur le terrain dans <strong>le secteur de l\u2019immobilier<\/strong>\u00a0; ainsi qu\u2019une formation approfondie dans <strong>le domaine du marketing et de la communication<\/strong> qui lui permet d\u2019interpr\u00e9ter au mieux les exigences sp\u00e9cifiques de la client\u00e8le en les transformant en actions de marketing pour valoriser au mieux le bien immobilier.<\/p>\n","protected":false},"excerpt":{"rendered":"<p>S\u00e9rieux et confidentialit\u00e9, professionnalisme et comp\u00e9tences\u00a0sont les fondements de Manuela Linguardo &#8211; Solutions de Prestige, agence qui op\u00e8re depuis plusieurs ann\u00e9es dans le secteur de l\u2019immobilier, sp\u00e9cialis\u00e9e dans les biens immobiliers de prestige aussi bien commerciaux que r\u00e9sidentiels. L\u2019agence, connue pour l\u2019excellence de ses services, a des agents immobiliers extr\u00eamement qualifi\u00e9s, capables de fournir des [&hellip;]<\/p>\n","protected":false},"author":1,"featured_media":941,"parent":0,"menu_order":0,"comment_status":"closed","ping_status":"closed","template":"page-chisiamo.php","meta":{"footnotes":""},"class_list":["post-962","page","type-page","status-publish","has-post-thumbnail","hentry"],"acf":[],"yoast_head":"<!-- This site is optimized with the Yoast SEO plugin v27.4 - https:\/\/yoast.com\/product\/yoast-seo-wordpress\/ -->\n<title>Qui sommes nous - Manuela Linguardo<\/title>\n<meta name=\"description\" content=\"Manuela Linguardo - Solutions de Prestige est une agence immobili\u00e8re qui offre un service \u00e0 360\u00b0 dans le march\u00e9 de biens commerciaux et r\u00e9sidentiels.\" \/>\n<meta name=\"robots\" content=\"index, follow, max-snippet:-1, max-image-preview:large, max-video-preview:-1\" \/>\n<link rel=\"canonical\" href=\"https:\/\/testing.manuelalinguardo.com\/fr\/qui-sommes-nous\/\" \/>\n<meta property=\"og:locale\" content=\"fr_FR\" \/>\n<meta property=\"og:type\" content=\"article\" \/>\n<meta property=\"og:title\" content=\"Qui sommes nous - Manuela Linguardo\" \/>\n<meta property=\"og:description\" content=\"Manuela Linguardo - Solutions de Prestige est une agence immobili\u00e8re qui offre un service \u00e0 360\u00b0 dans le march\u00e9 de biens commerciaux et r\u00e9sidentiels.\" \/>\n<meta property=\"og:url\" content=\"https:\/\/testing.manuelalinguardo.com\/fr\/qui-sommes-nous\/\" \/>\n<meta property=\"og:site_name\" content=\"Manuela Linguardo\" \/>\n<meta property=\"article:modified_time\" content=\"2016-12-30T11:57:34+00:00\" \/>\n<meta property=\"og:image\" content=\"https:\/\/testing.manuelalinguardo.com\/wp-content\/uploads\/2016\/10\/cover-chisiamo3.jpg\" \/>\n\t<meta property=\"og:image:width\" content=\"1600\" \/>\n\t<meta property=\"og:image:height\" content=\"250\" \/>\n\t<meta property=\"og:image:type\" content=\"image\/jpeg\" \/>\n<meta name=\"twitter:card\" content=\"summary_large_image\" \/>\n<meta name=\"twitter:title\" content=\"Qui sommes nous - Manuela Linguardo\" \/>\n<meta name=\"twitter:description\" content=\"Manuela Linguardo - Solutions de Prestige est une agence immobili\u00e8re qui offre un service \u00e0 360\u00b0 dans le march\u00e9 de biens commerciaux et r\u00e9sidentiels.\" \/>\n<meta name=\"twitter:label1\" content=\"Dur\u00e9e de lecture estim\u00e9e\" \/>\n\t<meta name=\"twitter:data1\" content=\"1 minute\" \/>\n<script type=\"application\/ld+json\" class=\"yoast-schema-graph\">{\"@context\":\"https:\\\/\\\/schema.org\",\"@graph\":[{\"@type\":\"WebPage\",\"@id\":\"https:\\\/\\\/testing.manuelalinguardo.com\\\/fr\\\/qui-sommes-nous\\\/\",\"url\":\"https:\\\/\\\/testing.manuelalinguardo.com\\\/fr\\\/qui-sommes-nous\\\/\",\"name\":\"Qui sommes nous - Manuela Linguardo\",\"isPartOf\":{\"@id\":\"https:\\\/\\\/testing.manuelalinguardo.com\\\/#website\"},\"primaryImageOfPage\":{\"@id\":\"https:\\\/\\\/testing.manuelalinguardo.com\\\/fr\\\/qui-sommes-nous\\\/#primaryimage\"},\"image\":{\"@id\":\"https:\\\/\\\/testing.manuelalinguardo.com\\\/fr\\\/qui-sommes-nous\\\/#primaryimage\"},\"thumbnailUrl\":\"https:\\\/\\\/testing.manuelalinguardo.com\\\/wp-content\\\/uploads\\\/2016\\\/10\\\/cover-chisiamo3.jpg\",\"datePublished\":\"2016-10-20T18:43:51+00:00\",\"dateModified\":\"2016-12-30T11:57:34+00:00\",\"description\":\"Manuela Linguardo - Solutions de Prestige est une agence immobili\u00e8re qui offre un service \u00e0 360\u00b0 dans le march\u00e9 de biens commerciaux et r\u00e9sidentiels.\",\"breadcrumb\":{\"@id\":\"https:\\\/\\\/testing.manuelalinguardo.com\\\/fr\\\/qui-sommes-nous\\\/#breadcrumb\"},\"inLanguage\":\"fr-FR\",\"potentialAction\":[{\"@type\":\"ReadAction\",\"target\":[\"https:\\\/\\\/testing.manuelalinguardo.com\\\/fr\\\/qui-sommes-nous\\\/\"]}]},{\"@type\":\"ImageObject\",\"inLanguage\":\"fr-FR\",\"@id\":\"https:\\\/\\\/testing.manuelalinguardo.com\\\/fr\\\/qui-sommes-nous\\\/#primaryimage\",\"url\":\"https:\\\/\\\/testing.manuelalinguardo.com\\\/wp-content\\\/uploads\\\/2016\\\/10\\\/cover-chisiamo3.jpg\",\"contentUrl\":\"https:\\\/\\\/testing.manuelalinguardo.com\\\/wp-content\\\/uploads\\\/2016\\\/10\\\/cover-chisiamo3.jpg\",\"width\":1600,\"height\":250},{\"@type\":\"BreadcrumbList\",\"@id\":\"https:\\\/\\\/testing.manuelalinguardo.com\\\/fr\\\/qui-sommes-nous\\\/#breadcrumb\",\"itemListElement\":[{\"@type\":\"ListItem\",\"position\":1,\"name\":\"Home\",\"item\":\"https:\\\/\\\/testing.manuelalinguardo.com\\\/fr\\\/\"},{\"@type\":\"ListItem\",\"position\":2,\"name\":\"Qui sommes nous\"}]},{\"@type\":\"WebSite\",\"@id\":\"https:\\\/\\\/testing.manuelalinguardo.com\\\/#website\",\"url\":\"https:\\\/\\\/testing.manuelalinguardo.com\\\/\",\"name\":\"Manuela Linguardo\",\"description\":\"Soluzioni di prestigio.\",\"potentialAction\":[{\"@type\":\"SearchAction\",\"target\":{\"@type\":\"EntryPoint\",\"urlTemplate\":\"https:\\\/\\\/testing.manuelalinguardo.com\\\/?s={search_term_string}\"},\"query-input\":{\"@type\":\"PropertyValueSpecification\",\"valueRequired\":true,\"valueName\":\"search_term_string\"}}],\"inLanguage\":\"fr-FR\"}]}<\/script>\n<!-- \/ Yoast SEO plugin. -->","yoast_head_json":{"title":"Qui sommes nous - Manuela Linguardo","description":"Manuela Linguardo - Solutions de Prestige est une agence immobili\u00e8re qui offre un service \u00e0 360\u00b0 dans le march\u00e9 de biens commerciaux et r\u00e9sidentiels.","robots":{"index":"index","follow":"follow","max-snippet":"max-snippet:-1","max-image-preview":"max-image-preview:large","max-video-preview":"max-video-preview:-1"},"canonical":"https:\/\/testing.manuelalinguardo.com\/fr\/qui-sommes-nous\/","og_locale":"fr_FR","og_type":"article","og_title":"Qui sommes nous - Manuela Linguardo","og_description":"Manuela Linguardo - Solutions de Prestige est une agence immobili\u00e8re qui offre un service \u00e0 360\u00b0 dans le march\u00e9 de biens commerciaux et r\u00e9sidentiels.","og_url":"https:\/\/testing.manuelalinguardo.com\/fr\/qui-sommes-nous\/","og_site_name":"Manuela Linguardo","article_modified_time":"2016-12-30T11:57:34+00:00","og_image":[{"width":1600,"height":250,"url":"https:\/\/testing.manuelalinguardo.com\/wp-content\/uploads\/2016\/10\/cover-chisiamo3.jpg","type":"image\/jpeg"}],"twitter_card":"summary_large_image","twitter_title":"Qui sommes nous - Manuela Linguardo","twitter_description":"Manuela Linguardo - Solutions de Prestige est une agence immobili\u00e8re qui offre un service \u00e0 360\u00b0 dans le march\u00e9 de biens commerciaux et r\u00e9sidentiels.","twitter_misc":{"Dur\u00e9e de lecture estim\u00e9e":"1 minute"},"schema":{"@context":"https:\/\/schema.org","@graph":[{"@type":"WebPage","@id":"https:\/\/testing.manuelalinguardo.com\/fr\/qui-sommes-nous\/","url":"https:\/\/testing.manuelalinguardo.com\/fr\/qui-sommes-nous\/","name":"Qui sommes nous - Manuela Linguardo","isPartOf":{"@id":"https:\/\/testing.manuelalinguardo.com\/#website"},"primaryImageOfPage":{"@id":"https:\/\/testing.manuelalinguardo.com\/fr\/qui-sommes-nous\/#primaryimage"},"image":{"@id":"https:\/\/testing.manuelalinguardo.com\/fr\/qui-sommes-nous\/#primaryimage"},"thumbnailUrl":"https:\/\/testing.manuelalinguardo.com\/wp-content\/uploads\/2016\/10\/cover-chisiamo3.jpg","datePublished":"2016-10-20T18:43:51+00:00","dateModified":"2016-12-30T11:57:34+00:00","description":"Manuela Linguardo - Solutions de Prestige est une agence immobili\u00e8re qui offre un service \u00e0 360\u00b0 dans le march\u00e9 de biens commerciaux et r\u00e9sidentiels.","breadcrumb":{"@id":"https:\/\/testing.manuelalinguardo.com\/fr\/qui-sommes-nous\/#breadcrumb"},"inLanguage":"fr-FR","potentialAction":[{"@type":"ReadAction","target":["https:\/\/testing.manuelalinguardo.com\/fr\/qui-sommes-nous\/"]}]},{"@type":"ImageObject","inLanguage":"fr-FR","@id":"https:\/\/testing.manuelalinguardo.com\/fr\/qui-sommes-nous\/#primaryimage","url":"https:\/\/testing.manuelalinguardo.com\/wp-content\/uploads\/2016\/10\/cover-chisiamo3.jpg","contentUrl":"https:\/\/testing.manuelalinguardo.com\/wp-content\/uploads\/2016\/10\/cover-chisiamo3.jpg","width":1600,"height":250},{"@type":"BreadcrumbList","@id":"https:\/\/testing.manuelalinguardo.com\/fr\/qui-sommes-nous\/#breadcrumb","itemListElement":[{"@type":"ListItem","position":1,"name":"Home","item":"https:\/\/testing.manuelalinguardo.com\/fr\/"},{"@type":"ListItem","position":2,"name":"Qui sommes nous"}]},{"@type":"WebSite","@id":"https:\/\/testing.manuelalinguardo.com\/#website","url":"https:\/\/testing.manuelalinguardo.com\/","name":"Manuela Linguardo","description":"Soluzioni di prestigio.","potentialAction":[{"@type":"SearchAction","target":{"@type":"EntryPoint","urlTemplate":"https:\/\/testing.manuelalinguardo.com\/?s={search_term_string}"},"query-input":{"@type":"PropertyValueSpecification","valueRequired":true,"valueName":"search_term_string"}}],"inLanguage":"fr-FR"}]}},"_links":{"self":[{"href":"https:\/\/testing.manuelalinguardo.com\/fr\/wp-json\/wp\/v2\/pages\/962","targetHints":{"allow":["GET"]}}],"collection":[{"href":"https:\/\/testing.manuelalinguardo.com\/fr\/wp-json\/wp\/v2\/pages"}],"about":[{"href":"https:\/\/testing.manuelalinguardo.com\/fr\/wp-json\/wp\/v2\/types\/page"}],"author":[{"embeddable":true,"href":"https:\/\/testing.manuelalinguardo.com\/fr\/wp-json\/wp\/v2\/users\/1"}],"replies":[{"embeddable":true,"href":"https:\/\/testing.manuelalinguardo.com\/fr\/wp-json\/wp\/v2\/comments?post=962"}],"version-history":[{"count":9,"href":"https:\/\/testing.manuelalinguardo.com\/fr\/wp-json\/wp\/v2\/pages\/962\/revisions"}],"predecessor-version":[{"id":1122,"href":"https:\/\/testing.manuelalinguardo.com\/fr\/wp-json\/wp\/v2\/pages\/962\/revisions\/1122"}],"wp:featuredmedia":[{"embeddable":true,"href":"https:\/\/testing.manuelalinguardo.com\/fr\/wp-json\/wp\/v2\/media\/941"}],"wp:attachment":[{"href":"https:\/\/testing.manuelalinguardo.com\/fr\/wp-json\/wp\/v2\/media?parent=962"}],"curies":[{"name":"wp","href":"https:\/\/api.w.org\/{rel}","templated":true}]}}