{"id":928,"date":"2016-10-20T20:40:30","date_gmt":"2016-10-20T18:40:30","guid":{"rendered":"http:\/\/testing.manuelalinguardo.com\/fr\/servizi\/"},"modified":"2017-01-31T12:59:14","modified_gmt":"2017-01-31T11:59:14","slug":"services","status":"publish","type":"page","link":"https:\/\/testing.manuelalinguardo.com\/fr\/services\/","title":{"rendered":"Services"},"content":{"rendered":"<h2>Real Estate Management<\/h2>\n<p><strong>Manuela Linguardo Solutions de Prestige<\/strong>\u00a0offre une consultation compl\u00e8te, qui va de l&rsquo;analyse du march\u00e9 \u00e0 la commercialisation du bien immobilier et qui est \u00e9labor\u00e9e selon les exigences et les besoins du client.<br \/>\nPour offrir un service le plus taylor-made possible, un plan pr\u00e9cis est d\u00e9velopp\u00e9. Il est pens\u00e9 pour valoriser le bien immobilier et pour en tirer tout son potentiel.<br \/>\nLes services comprennent:<\/p>\n","protected":false},"excerpt":{"rendered":"<p>Real Estate Management Manuela Linguardo Solutions de Prestige\u00a0offre une consultation compl\u00e8te, qui va de l&rsquo;analyse du march\u00e9 \u00e0 la commercialisation du bien immobilier et qui est \u00e9labor\u00e9e selon les exigences et les besoins du client. Pour offrir un service le plus taylor-made possible, un plan pr\u00e9cis est d\u00e9velopp\u00e9. Il est pens\u00e9 pour valoriser le bien [&hellip;]<\/p>\n","protected":false},"author":1,"featured_media":399,"parent":0,"menu_order":0,"comment_status":"closed","ping_status":"closed","template":"page-servizi.php","meta":{"footnotes":""},"class_list":["post-928","page","type-page","status-publish","has-post-thumbnail","hentry"],"acf":[],"yoast_head":"<!-- This site is optimized with the Yoast SEO plugin v27.4 - https:\/\/yoast.com\/product\/yoast-seo-wordpress\/ -->\n<title>Services - Manuela Linguardo<\/title>\n<meta name=\"description\" content=\"Tous les services offerts par Manuela Linguardo Soluzioni di Prestigio, agence immobili\u00e8re qui propose des structures commerciales et r\u00e9sidentielles \u00e0 Milan\" \/>\n<meta name=\"robots\" content=\"index, follow, max-snippet:-1, max-image-preview:large, max-video-preview:-1\" \/>\n<link rel=\"canonical\" href=\"https:\/\/testing.manuelalinguardo.com\/fr\/services\/\" \/>\n<meta property=\"og:locale\" content=\"fr_FR\" \/>\n<meta property=\"og:type\" content=\"article\" \/>\n<meta property=\"og:title\" content=\"Services - Manuela Linguardo\" \/>\n<meta property=\"og:description\" content=\"Tous les services offerts par Manuela Linguardo Soluzioni di Prestigio, agence immobili\u00e8re qui propose des structures commerciales et r\u00e9sidentielles \u00e0 Milan\" \/>\n<meta property=\"og:url\" content=\"https:\/\/testing.manuelalinguardo.com\/fr\/services\/\" \/>\n<meta property=\"og:site_name\" content=\"Manuela Linguardo\" \/>\n<meta property=\"article:modified_time\" content=\"2017-01-31T11:59:14+00:00\" \/>\n<meta property=\"og:image\" content=\"https:\/\/testing.manuelalinguardo.com\/wp-content\/uploads\/2016\/10\/cover-servizi.jpg\" \/>\n\t<meta property=\"og:image:width\" content=\"1600\" \/>\n\t<meta property=\"og:image:height\" content=\"250\" \/>\n\t<meta property=\"og:image:type\" content=\"image\/jpeg\" \/>\n<meta name=\"twitter:card\" content=\"summary_large_image\" \/>\n<meta name=\"twitter:title\" content=\"Services - Manuela Linguardo\" \/>\n<meta name=\"twitter:description\" content=\"Tous les services offerts par Manuela Linguardo Soluzioni di Prestigio, agence immobili\u00e8re qui propose des structures commerciales et r\u00e9sidentielles \u00e0 Milan\" \/>\n<script type=\"application\/ld+json\" class=\"yoast-schema-graph\">{\"@context\":\"https:\\\/\\\/schema.org\",\"@graph\":[{\"@type\":\"WebPage\",\"@id\":\"https:\\\/\\\/testing.manuelalinguardo.com\\\/fr\\\/services\\\/\",\"url\":\"https:\\\/\\\/testing.manuelalinguardo.com\\\/fr\\\/services\\\/\",\"name\":\"Services - Manuela Linguardo\",\"isPartOf\":{\"@id\":\"https:\\\/\\\/testing.manuelalinguardo.com\\\/#website\"},\"primaryImageOfPage\":{\"@id\":\"https:\\\/\\\/testing.manuelalinguardo.com\\\/fr\\\/services\\\/#primaryimage\"},\"image\":{\"@id\":\"https:\\\/\\\/testing.manuelalinguardo.com\\\/fr\\\/services\\\/#primaryimage\"},\"thumbnailUrl\":\"https:\\\/\\\/testing.manuelalinguardo.com\\\/wp-content\\\/uploads\\\/2016\\\/10\\\/cover-servizi.jpg\",\"datePublished\":\"2016-10-20T18:40:30+00:00\",\"dateModified\":\"2017-01-31T11:59:14+00:00\",\"description\":\"Tous les services offerts par Manuela Linguardo Soluzioni di Prestigio, agence immobili\u00e8re qui propose des structures commerciales et r\u00e9sidentielles \u00e0 Milan\",\"breadcrumb\":{\"@id\":\"https:\\\/\\\/testing.manuelalinguardo.com\\\/fr\\\/services\\\/#breadcrumb\"},\"inLanguage\":\"fr-FR\",\"potentialAction\":[{\"@type\":\"ReadAction\",\"target\":[\"https:\\\/\\\/testing.manuelalinguardo.com\\\/fr\\\/services\\\/\"]}]},{\"@type\":\"ImageObject\",\"inLanguage\":\"fr-FR\",\"@id\":\"https:\\\/\\\/testing.manuelalinguardo.com\\\/fr\\\/services\\\/#primaryimage\",\"url\":\"https:\\\/\\\/testing.manuelalinguardo.com\\\/wp-content\\\/uploads\\\/2016\\\/10\\\/cover-servizi.jpg\",\"contentUrl\":\"https:\\\/\\\/testing.manuelalinguardo.com\\\/wp-content\\\/uploads\\\/2016\\\/10\\\/cover-servizi.jpg\",\"width\":1600,\"height\":250},{\"@type\":\"BreadcrumbList\",\"@id\":\"https:\\\/\\\/testing.manuelalinguardo.com\\\/fr\\\/services\\\/#breadcrumb\",\"itemListElement\":[{\"@type\":\"ListItem\",\"position\":1,\"name\":\"Home\",\"item\":\"https:\\\/\\\/testing.manuelalinguardo.com\\\/fr\\\/\"},{\"@type\":\"ListItem\",\"position\":2,\"name\":\"Services\"}]},{\"@type\":\"WebSite\",\"@id\":\"https:\\\/\\\/testing.manuelalinguardo.com\\\/#website\",\"url\":\"https:\\\/\\\/testing.manuelalinguardo.com\\\/\",\"name\":\"Manuela Linguardo\",\"description\":\"Soluzioni di prestigio.\",\"potentialAction\":[{\"@type\":\"SearchAction\",\"target\":{\"@type\":\"EntryPoint\",\"urlTemplate\":\"https:\\\/\\\/testing.manuelalinguardo.com\\\/?s={search_term_string}\"},\"query-input\":{\"@type\":\"PropertyValueSpecification\",\"valueRequired\":true,\"valueName\":\"search_term_string\"}}],\"inLanguage\":\"fr-FR\"}]}<\/script>\n<!-- \/ Yoast SEO plugin. -->","yoast_head_json":{"title":"Services - Manuela Linguardo","description":"Tous les services offerts par Manuela Linguardo Soluzioni di Prestigio, agence immobili\u00e8re qui propose des structures commerciales et r\u00e9sidentielles \u00e0 Milan","robots":{"index":"index","follow":"follow","max-snippet":"max-snippet:-1","max-image-preview":"max-image-preview:large","max-video-preview":"max-video-preview:-1"},"canonical":"https:\/\/testing.manuelalinguardo.com\/fr\/services\/","og_locale":"fr_FR","og_type":"article","og_title":"Services - Manuela Linguardo","og_description":"Tous les services offerts par Manuela Linguardo Soluzioni di Prestigio, agence immobili\u00e8re qui propose des structures commerciales et r\u00e9sidentielles \u00e0 Milan","og_url":"https:\/\/testing.manuelalinguardo.com\/fr\/services\/","og_site_name":"Manuela Linguardo","article_modified_time":"2017-01-31T11:59:14+00:00","og_image":[{"width":1600,"height":250,"url":"https:\/\/testing.manuelalinguardo.com\/wp-content\/uploads\/2016\/10\/cover-servizi.jpg","type":"image\/jpeg"}],"twitter_card":"summary_large_image","twitter_title":"Services - Manuela Linguardo","twitter_description":"Tous les services offerts par Manuela Linguardo Soluzioni di Prestigio, agence immobili\u00e8re qui propose des structures commerciales et r\u00e9sidentielles \u00e0 Milan","schema":{"@context":"https:\/\/schema.org","@graph":[{"@type":"WebPage","@id":"https:\/\/testing.manuelalinguardo.com\/fr\/services\/","url":"https:\/\/testing.manuelalinguardo.com\/fr\/services\/","name":"Services - Manuela Linguardo","isPartOf":{"@id":"https:\/\/testing.manuelalinguardo.com\/#website"},"primaryImageOfPage":{"@id":"https:\/\/testing.manuelalinguardo.com\/fr\/services\/#primaryimage"},"image":{"@id":"https:\/\/testing.manuelalinguardo.com\/fr\/services\/#primaryimage"},"thumbnailUrl":"https:\/\/testing.manuelalinguardo.com\/wp-content\/uploads\/2016\/10\/cover-servizi.jpg","datePublished":"2016-10-20T18:40:30+00:00","dateModified":"2017-01-31T11:59:14+00:00","description":"Tous les services offerts par Manuela Linguardo Soluzioni di Prestigio, agence immobili\u00e8re qui propose des structures commerciales et r\u00e9sidentielles \u00e0 Milan","breadcrumb":{"@id":"https:\/\/testing.manuelalinguardo.com\/fr\/services\/#breadcrumb"},"inLanguage":"fr-FR","potentialAction":[{"@type":"ReadAction","target":["https:\/\/testing.manuelalinguardo.com\/fr\/services\/"]}]},{"@type":"ImageObject","inLanguage":"fr-FR","@id":"https:\/\/testing.manuelalinguardo.com\/fr\/services\/#primaryimage","url":"https:\/\/testing.manuelalinguardo.com\/wp-content\/uploads\/2016\/10\/cover-servizi.jpg","contentUrl":"https:\/\/testing.manuelalinguardo.com\/wp-content\/uploads\/2016\/10\/cover-servizi.jpg","width":1600,"height":250},{"@type":"BreadcrumbList","@id":"https:\/\/testing.manuelalinguardo.com\/fr\/services\/#breadcrumb","itemListElement":[{"@type":"ListItem","position":1,"name":"Home","item":"https:\/\/testing.manuelalinguardo.com\/fr\/"},{"@type":"ListItem","position":2,"name":"Services"}]},{"@type":"WebSite","@id":"https:\/\/testing.manuelalinguardo.com\/#website","url":"https:\/\/testing.manuelalinguardo.com\/","name":"Manuela Linguardo","description":"Soluzioni di prestigio.","potentialAction":[{"@type":"SearchAction","target":{"@type":"EntryPoint","urlTemplate":"https:\/\/testing.manuelalinguardo.com\/?s={search_term_string}"},"query-input":{"@type":"PropertyValueSpecification","valueRequired":true,"valueName":"search_term_string"}}],"inLanguage":"fr-FR"}]}},"_links":{"self":[{"href":"https:\/\/testing.manuelalinguardo.com\/fr\/wp-json\/wp\/v2\/pages\/928","targetHints":{"allow":["GET"]}}],"collection":[{"href":"https:\/\/testing.manuelalinguardo.com\/fr\/wp-json\/wp\/v2\/pages"}],"about":[{"href":"https:\/\/testing.manuelalinguardo.com\/fr\/wp-json\/wp\/v2\/types\/page"}],"author":[{"embeddable":true,"href":"https:\/\/testing.manuelalinguardo.com\/fr\/wp-json\/wp\/v2\/users\/1"}],"replies":[{"embeddable":true,"href":"https:\/\/testing.manuelalinguardo.com\/fr\/wp-json\/wp\/v2\/comments?post=928"}],"version-history":[{"count":18,"href":"https:\/\/testing.manuelalinguardo.com\/fr\/wp-json\/wp\/v2\/pages\/928\/revisions"}],"predecessor-version":[{"id":1154,"href":"https:\/\/testing.manuelalinguardo.com\/fr\/wp-json\/wp\/v2\/pages\/928\/revisions\/1154"}],"wp:featuredmedia":[{"embeddable":true,"href":"https:\/\/testing.manuelalinguardo.com\/fr\/wp-json\/wp\/v2\/media\/399"}],"wp:attachment":[{"href":"https:\/\/testing.manuelalinguardo.com\/fr\/wp-json\/wp\/v2\/media?parent=928"}],"curies":[{"name":"wp","href":"https:\/\/api.w.org\/{rel}","templated":true}]}}