{"id":490,"date":"2016-10-20T12:46:42","date_gmt":"2016-10-20T10:46:42","guid":{"rendered":"http:\/\/testing.manuelalinguardo.com\/fr\/valutazioni\/"},"modified":"2016-12-29T12:56:37","modified_gmt":"2016-12-29T11:56:37","slug":"estimations","status":"publish","type":"page","link":"https:\/\/testing.manuelalinguardo.com\/fr\/estimations\/","title":{"rendered":"Estimations"},"content":{"rendered":"<p>Pour conna\u00eetre la valeur de votre bien il est essentiel d&rsquo;en conna\u00eetre les d\u00e9tails et d&rsquo;avoir une vision approfondie du march\u00e9 immobilier et des facteurs \u00e0 prendre en compte afin d&rsquo;\u00e9tablir une valeur effective.<br \/>\nC&rsquo;est pourquoi notre estimation est essentielle pour \u00e9tablir le prix auquel vendre ou louer votre bien.<\/p>\n","protected":false},"excerpt":{"rendered":"<p>Pour conna\u00eetre la valeur de votre bien il est essentiel d&rsquo;en conna\u00eetre les d\u00e9tails et d&rsquo;avoir une vision approfondie du march\u00e9 immobilier et des facteurs \u00e0 prendre en compte afin d&rsquo;\u00e9tablir une valeur effective. C&rsquo;est pourquoi notre estimation est essentielle pour \u00e9tablir le prix auquel vendre ou louer votre bien.<\/p>\n","protected":false},"author":1,"featured_media":613,"parent":0,"menu_order":0,"comment_status":"closed","ping_status":"closed","template":"page-valutazioni.php","meta":{"footnotes":""},"class_list":["post-490","page","type-page","status-publish","has-post-thumbnail","hentry"],"acf":[],"yoast_head":"<!-- This site is optimized with the Yoast SEO plugin v27.4 - https:\/\/yoast.com\/product\/yoast-seo-wordpress\/ -->\n<title>Estimations - Manuela Linguardo<\/title>\n<meta name=\"description\" content=\"Venez d\u00e9couvrir les estimations de Manuela Linguardo - Solutions de Prestige afin de conna\u00eetre la valeur de votre bien immobilier \u00e0 vendre ou \u00e0 louer.\" \/>\n<meta name=\"robots\" content=\"index, follow, max-snippet:-1, max-image-preview:large, max-video-preview:-1\" \/>\n<link rel=\"canonical\" href=\"https:\/\/testing.manuelalinguardo.com\/fr\/estimations\/\" \/>\n<meta property=\"og:locale\" content=\"fr_FR\" \/>\n<meta property=\"og:type\" content=\"article\" \/>\n<meta property=\"og:title\" content=\"Estimations - Manuela Linguardo\" \/>\n<meta property=\"og:description\" content=\"Venez d\u00e9couvrir les estimations de Manuela Linguardo - Solutions de Prestige afin de conna\u00eetre la valeur de votre bien immobilier \u00e0 vendre ou \u00e0 louer.\" \/>\n<meta property=\"og:url\" content=\"https:\/\/testing.manuelalinguardo.com\/fr\/estimations\/\" \/>\n<meta property=\"og:site_name\" content=\"Manuela Linguardo\" \/>\n<meta property=\"article:modified_time\" content=\"2016-12-29T11:56:37+00:00\" \/>\n<meta property=\"og:image\" content=\"https:\/\/testing.manuelalinguardo.com\/wp-content\/uploads\/2016\/10\/cover-valutazioni-1.jpg\" \/>\n\t<meta property=\"og:image:width\" content=\"1600\" \/>\n\t<meta property=\"og:image:height\" content=\"250\" \/>\n\t<meta property=\"og:image:type\" content=\"image\/jpeg\" \/>\n<meta name=\"twitter:card\" content=\"summary_large_image\" \/>\n<meta name=\"twitter:title\" content=\"Estimations - Manuela Linguardo\" \/>\n<meta name=\"twitter:description\" content=\"Venez d\u00e9couvrir les estimations de Manuela Linguardo - Solutions de Prestige afin de conna\u00eetre la valeur de votre bien immobilier \u00e0 vendre ou \u00e0 louer.\" \/>\n<script type=\"application\/ld+json\" class=\"yoast-schema-graph\">{\"@context\":\"https:\\\/\\\/schema.org\",\"@graph\":[{\"@type\":\"WebPage\",\"@id\":\"https:\\\/\\\/testing.manuelalinguardo.com\\\/fr\\\/estimations\\\/\",\"url\":\"https:\\\/\\\/testing.manuelalinguardo.com\\\/fr\\\/estimations\\\/\",\"name\":\"Estimations - Manuela Linguardo\",\"isPartOf\":{\"@id\":\"https:\\\/\\\/testing.manuelalinguardo.com\\\/#website\"},\"primaryImageOfPage\":{\"@id\":\"https:\\\/\\\/testing.manuelalinguardo.com\\\/fr\\\/estimations\\\/#primaryimage\"},\"image\":{\"@id\":\"https:\\\/\\\/testing.manuelalinguardo.com\\\/fr\\\/estimations\\\/#primaryimage\"},\"thumbnailUrl\":\"https:\\\/\\\/testing.manuelalinguardo.com\\\/wp-content\\\/uploads\\\/2016\\\/10\\\/cover-valutazioni-1.jpg\",\"datePublished\":\"2016-10-20T10:46:42+00:00\",\"dateModified\":\"2016-12-29T11:56:37+00:00\",\"description\":\"Venez d\u00e9couvrir les estimations de Manuela Linguardo - Solutions de Prestige afin de conna\u00eetre la valeur de votre bien immobilier \u00e0 vendre ou \u00e0 louer.\",\"breadcrumb\":{\"@id\":\"https:\\\/\\\/testing.manuelalinguardo.com\\\/fr\\\/estimations\\\/#breadcrumb\"},\"inLanguage\":\"fr-FR\",\"potentialAction\":[{\"@type\":\"ReadAction\",\"target\":[\"https:\\\/\\\/testing.manuelalinguardo.com\\\/fr\\\/estimations\\\/\"]}]},{\"@type\":\"ImageObject\",\"inLanguage\":\"fr-FR\",\"@id\":\"https:\\\/\\\/testing.manuelalinguardo.com\\\/fr\\\/estimations\\\/#primaryimage\",\"url\":\"https:\\\/\\\/testing.manuelalinguardo.com\\\/wp-content\\\/uploads\\\/2016\\\/10\\\/cover-valutazioni-1.jpg\",\"contentUrl\":\"https:\\\/\\\/testing.manuelalinguardo.com\\\/wp-content\\\/uploads\\\/2016\\\/10\\\/cover-valutazioni-1.jpg\",\"width\":1600,\"height\":250},{\"@type\":\"BreadcrumbList\",\"@id\":\"https:\\\/\\\/testing.manuelalinguardo.com\\\/fr\\\/estimations\\\/#breadcrumb\",\"itemListElement\":[{\"@type\":\"ListItem\",\"position\":1,\"name\":\"Home\",\"item\":\"https:\\\/\\\/testing.manuelalinguardo.com\\\/fr\\\/\"},{\"@type\":\"ListItem\",\"position\":2,\"name\":\"Estimations\"}]},{\"@type\":\"WebSite\",\"@id\":\"https:\\\/\\\/testing.manuelalinguardo.com\\\/#website\",\"url\":\"https:\\\/\\\/testing.manuelalinguardo.com\\\/\",\"name\":\"Manuela Linguardo\",\"description\":\"Soluzioni di prestigio.\",\"potentialAction\":[{\"@type\":\"SearchAction\",\"target\":{\"@type\":\"EntryPoint\",\"urlTemplate\":\"https:\\\/\\\/testing.manuelalinguardo.com\\\/?s={search_term_string}\"},\"query-input\":{\"@type\":\"PropertyValueSpecification\",\"valueRequired\":true,\"valueName\":\"search_term_string\"}}],\"inLanguage\":\"fr-FR\"}]}<\/script>\n<!-- \/ Yoast SEO plugin. -->","yoast_head_json":{"title":"Estimations - Manuela Linguardo","description":"Venez d\u00e9couvrir les estimations de Manuela Linguardo - Solutions de Prestige afin de conna\u00eetre la valeur de votre bien immobilier \u00e0 vendre ou \u00e0 louer.","robots":{"index":"index","follow":"follow","max-snippet":"max-snippet:-1","max-image-preview":"max-image-preview:large","max-video-preview":"max-video-preview:-1"},"canonical":"https:\/\/testing.manuelalinguardo.com\/fr\/estimations\/","og_locale":"fr_FR","og_type":"article","og_title":"Estimations - Manuela Linguardo","og_description":"Venez d\u00e9couvrir les estimations de Manuela Linguardo - Solutions de Prestige afin de conna\u00eetre la valeur de votre bien immobilier \u00e0 vendre ou \u00e0 louer.","og_url":"https:\/\/testing.manuelalinguardo.com\/fr\/estimations\/","og_site_name":"Manuela Linguardo","article_modified_time":"2016-12-29T11:56:37+00:00","og_image":[{"width":1600,"height":250,"url":"https:\/\/testing.manuelalinguardo.com\/wp-content\/uploads\/2016\/10\/cover-valutazioni-1.jpg","type":"image\/jpeg"}],"twitter_card":"summary_large_image","twitter_title":"Estimations - Manuela Linguardo","twitter_description":"Venez d\u00e9couvrir les estimations de Manuela Linguardo - Solutions de Prestige afin de conna\u00eetre la valeur de votre bien immobilier \u00e0 vendre ou \u00e0 louer.","schema":{"@context":"https:\/\/schema.org","@graph":[{"@type":"WebPage","@id":"https:\/\/testing.manuelalinguardo.com\/fr\/estimations\/","url":"https:\/\/testing.manuelalinguardo.com\/fr\/estimations\/","name":"Estimations - Manuela Linguardo","isPartOf":{"@id":"https:\/\/testing.manuelalinguardo.com\/#website"},"primaryImageOfPage":{"@id":"https:\/\/testing.manuelalinguardo.com\/fr\/estimations\/#primaryimage"},"image":{"@id":"https:\/\/testing.manuelalinguardo.com\/fr\/estimations\/#primaryimage"},"thumbnailUrl":"https:\/\/testing.manuelalinguardo.com\/wp-content\/uploads\/2016\/10\/cover-valutazioni-1.jpg","datePublished":"2016-10-20T10:46:42+00:00","dateModified":"2016-12-29T11:56:37+00:00","description":"Venez d\u00e9couvrir les estimations de Manuela Linguardo - Solutions de Prestige afin de conna\u00eetre la valeur de votre bien immobilier \u00e0 vendre ou \u00e0 louer.","breadcrumb":{"@id":"https:\/\/testing.manuelalinguardo.com\/fr\/estimations\/#breadcrumb"},"inLanguage":"fr-FR","potentialAction":[{"@type":"ReadAction","target":["https:\/\/testing.manuelalinguardo.com\/fr\/estimations\/"]}]},{"@type":"ImageObject","inLanguage":"fr-FR","@id":"https:\/\/testing.manuelalinguardo.com\/fr\/estimations\/#primaryimage","url":"https:\/\/testing.manuelalinguardo.com\/wp-content\/uploads\/2016\/10\/cover-valutazioni-1.jpg","contentUrl":"https:\/\/testing.manuelalinguardo.com\/wp-content\/uploads\/2016\/10\/cover-valutazioni-1.jpg","width":1600,"height":250},{"@type":"BreadcrumbList","@id":"https:\/\/testing.manuelalinguardo.com\/fr\/estimations\/#breadcrumb","itemListElement":[{"@type":"ListItem","position":1,"name":"Home","item":"https:\/\/testing.manuelalinguardo.com\/fr\/"},{"@type":"ListItem","position":2,"name":"Estimations"}]},{"@type":"WebSite","@id":"https:\/\/testing.manuelalinguardo.com\/#website","url":"https:\/\/testing.manuelalinguardo.com\/","name":"Manuela Linguardo","description":"Soluzioni di prestigio.","potentialAction":[{"@type":"SearchAction","target":{"@type":"EntryPoint","urlTemplate":"https:\/\/testing.manuelalinguardo.com\/?s={search_term_string}"},"query-input":{"@type":"PropertyValueSpecification","valueRequired":true,"valueName":"search_term_string"}}],"inLanguage":"fr-FR"}]}},"_links":{"self":[{"href":"https:\/\/testing.manuelalinguardo.com\/fr\/wp-json\/wp\/v2\/pages\/490","targetHints":{"allow":["GET"]}}],"collection":[{"href":"https:\/\/testing.manuelalinguardo.com\/fr\/wp-json\/wp\/v2\/pages"}],"about":[{"href":"https:\/\/testing.manuelalinguardo.com\/fr\/wp-json\/wp\/v2\/types\/page"}],"author":[{"embeddable":true,"href":"https:\/\/testing.manuelalinguardo.com\/fr\/wp-json\/wp\/v2\/users\/1"}],"replies":[{"embeddable":true,"href":"https:\/\/testing.manuelalinguardo.com\/fr\/wp-json\/wp\/v2\/comments?post=490"}],"version-history":[{"count":6,"href":"https:\/\/testing.manuelalinguardo.com\/fr\/wp-json\/wp\/v2\/pages\/490\/revisions"}],"predecessor-version":[{"id":918,"href":"https:\/\/testing.manuelalinguardo.com\/fr\/wp-json\/wp\/v2\/pages\/490\/revisions\/918"}],"wp:featuredmedia":[{"embeddable":true,"href":"https:\/\/testing.manuelalinguardo.com\/fr\/wp-json\/wp\/v2\/media\/613"}],"wp:attachment":[{"href":"https:\/\/testing.manuelalinguardo.com\/fr\/wp-json\/wp\/v2\/media?parent=490"}],"curies":[{"name":"wp","href":"https:\/\/api.w.org\/{rel}","templated":true}]}}